{"id":9197,"date":"2025-11-29T19:30:35","date_gmt":"2025-11-29T16:30:35","guid":{"rendered":"https:\/\/avukatozelaydin.com\/?page_id=9197"},"modified":"2025-11-29T20:25:49","modified_gmt":"2025-11-29T17:25:49","slug":"is-hukuku","status":"publish","type":"page","link":"https:\/\/avukatozelaydin.com\/tr\/hizmetlerimiz\/is-hukuku\/","title":{"rendered":"\u0130\u015f Hukuku"},"content":{"rendered":"\t\t<div data-elementor-type=\"wp-page\" data-elementor-id=\"9197\" class=\"elementor elementor-9197\">\n\t\t\t\t        <section class=\"elementor-section elementor-top-section elementor-element elementor-element-92a3ef5 elementor-section-boxed elementor-section-height-default elementor-section-height-default pxl-row-scroll-none pxl-zoom-point-false pxl-section-overflow-visible pxl-section-fix-none pxl-bg-color-none pxl-section-overlay-none\" data-id=\"92a3ef5\" data-element_type=\"section\" data-e-type=\"section\">\n\n                \n                <div class=\"elementor-container elementor-column-gap-default \">\n                <div class=\"elementor-column elementor-col-100 elementor-top-column elementor-element elementor-element-cde4618 pxl-column-none\" data-id=\"cde4618\" data-element_type=\"column\" data-e-type=\"column\">\r\n        <div class=\"elementor-widget-wrap elementor-element-populated\">\r\n                     \r\n                <section class=\"elementor-section elementor-inner-section elementor-element elementor-element-92f7a79 elementor-section-boxed elementor-section-height-default elementor-section-height-default pxl-row-scroll-none pxl-zoom-point-false pxl-section-overflow-visible pxl-section-fix-none pxl-bg-color-none pxl-section-overlay-none\" data-id=\"92f7a79\" data-element_type=\"section\" data-e-type=\"section\">\n\n                \n                <div class=\"elementor-container elementor-column-gap-no \">\n                <div class=\"elementor-column elementor-col-50 elementor-inner-column elementor-element elementor-element-204a22f pxl-column-none\" data-id=\"204a22f\" data-element_type=\"column\" data-e-type=\"column\">\r\n        <div class=\"elementor-widget-wrap elementor-element-populated\">\r\n                     \r\n        \t\t<div class=\"elementor-element elementor-element-2cc8193 elementor-invisible elementor-widget elementor-widget-pxl_image\" data-id=\"2cc8193\" data-element_type=\"widget\" data-e-type=\"widget\" data-settings=\"{&quot;_animation&quot;:&quot;fadeInUp&quot;}\" data-widget_type=\"pxl_image.default\">\n\t\t\t\t<div class=\"elementor-widget-container\">\n\t\t\t\t\t<div id=\"pxl_image-2cc8193-6715\" class=\"pxl-image-single pxl-disable-parallax-sm   \" data-wow-delay=\"ms\"  >\r\n    <div class=\"pxl-item--inner \" data-wow-delay=\"120ms\">\r\n                \r\n                                <div class=\"pxl-item--image s_img\" data-parallax-value=\"\">\r\n                                                    <img fetchpriority=\"high\" decoding=\"async\" class=\"no-lazyload \" src=\"https:\/\/avukatozelaydin.com\/wp-content\/uploads\/2024\/12\/post-1-630x404.webp\" width=\"630\" height=\"404\" alt=\"post-1\" title=\"post-1\" \/>                                                                    <\/div>\r\n                                <\/div>\r\n<\/div>\t\t\t\t<\/div>\n\t\t\t\t<\/div>\n\t\t            <\/div>\r\n        <\/div>\r\n                <div class=\"elementor-column elementor-col-50 elementor-inner-column elementor-element elementor-element-716052f pxl-column-none\" data-id=\"716052f\" data-element_type=\"column\" data-e-type=\"column\">\r\n        <div class=\"elementor-widget-wrap elementor-element-populated\">\r\n                     \r\n        \t\t<div class=\"elementor-element elementor-element-233446f e-transform elementor-invisible elementor-widget elementor-widget-pxl_image\" data-id=\"233446f\" data-element_type=\"widget\" data-e-type=\"widget\" data-settings=\"{&quot;_animation&quot;:&quot;fadeInUp&quot;,&quot;_animation_delay&quot;:200,&quot;_transform_flipX_effect&quot;:&quot;transform&quot;}\" data-widget_type=\"pxl_image.default\">\n\t\t\t\t<div class=\"elementor-widget-container\">\n\t\t\t\t\t<div id=\"pxl_image-233446f-9862\" class=\"pxl-image-single pxl-disable-parallax-sm   \" data-wow-delay=\"ms\"  >\r\n    <div class=\"pxl-item--inner \" data-wow-delay=\"120ms\">\r\n                \r\n                                <div class=\"pxl-item--image s_img\" data-parallax-value=\"\">\r\n                                                                                                                        <\/div>\r\n                                <\/div>\r\n<\/div>\t\t\t\t<\/div>\n\t\t\t\t<\/div>\n\t\t            <\/div>\r\n        <\/div>\r\n        \t\t\t<\/div>\n\t\t<\/section>\n\t\t        <section class=\"elementor-section elementor-inner-section elementor-element elementor-element-6a95b07 elementor-section-boxed elementor-section-height-default elementor-section-height-default pxl-row-scroll-none pxl-zoom-point-false pxl-section-overflow-visible pxl-section-fix-none pxl-bg-color-none pxl-section-overlay-none\" data-id=\"6a95b07\" data-element_type=\"section\" data-e-type=\"section\">\n\n                \n                <div class=\"elementor-container elementor-column-gap-no \">\n                <div class=\"elementor-column elementor-col-100 elementor-inner-column elementor-element elementor-element-e0c8db5 pxl-column-none\" data-id=\"e0c8db5\" data-element_type=\"column\" data-e-type=\"column\">\r\n        <div class=\"elementor-widget-wrap elementor-element-populated\">\r\n                     \r\n        \t\t<div class=\"elementor-element elementor-element-bbca3c6 elementor-widget elementor-widget-spacer\" data-id=\"bbca3c6\" data-element_type=\"widget\" data-e-type=\"widget\" data-widget_type=\"spacer.default\">\n\t\t\t\t\t\t\t<div class=\"elementor-spacer\">\n\t\t\t<div class=\"elementor-spacer-inner\"><\/div>\n\t\t<\/div>\n\t\t\t\t\t\t<\/div>\n\t\t\t\t<div class=\"elementor-element elementor-element-be04b1c elementor-widget elementor-widget-pxl_text_editor\" data-id=\"be04b1c\" data-element_type=\"widget\" data-e-type=\"widget\" data-widget_type=\"pxl_text_editor.default\">\n\t\t\t\t<div class=\"elementor-widget-container\">\n\t\t\t\t\t<div class=\"pxl-text-editor d-flex first--letter highlight-gradient\">\n\t<div class=\"pxl-item--inner  \" data-wow-delay=\"ms\">\n\t\t<p>Bu bir denemedir.<\/p>\t\t\n\t<\/div>\n<\/div>\t\t\t\t<\/div>\n\t\t\t\t<\/div>\n\t\t\t\t<div class=\"elementor-element elementor-element-144b282 elementor-widget elementor-widget-pxl_heading\" data-id=\"144b282\" data-element_type=\"widget\" data-e-type=\"widget\" data-widget_type=\"pxl_heading.default\">\n\t\t\t\t<div class=\"elementor-widget-container\">\n\t\t\t\t\t\n<div id=\"pxl-pxl_heading-144b282-6260\" class=\"pxl-heading px-sub-title-default-style \">\n\t<div class=\"pxl-heading--inner\">\n\t\t\n\t\t<h2 class=\"pxl-item--title  style-default highlight-default pxl-split-text split-in-scale\" data-wow-delay=\"ms\">\n\n\t\t<span class=\"pxl-heading--text\">\n\n\t\t\t\t\t\t\tDeneme ba\u015fl\u0131\u011f\u0131\t\n\t\t\t\t\n\n\t\t<\/span>\n\t\t<\/h2>\n\t\t\n\t<\/div>\n<\/div>\t\t\t\t<\/div>\n\t\t\t\t<\/div>\n\t\t\t\t<div class=\"elementor-element elementor-element-38a0072 elementor-widget elementor-widget-pxl_text_editor\" data-id=\"38a0072\" data-element_type=\"widget\" data-e-type=\"widget\" data-widget_type=\"pxl_text_editor.default\">\n\t\t\t\t<div class=\"elementor-widget-container\">\n\t\t\t\t\t<div class=\"pxl-text-editor d-flex  highlight-gradient\">\n\t<div class=\"pxl-item--inner  \" data-wow-delay=\"ms\">\n\t\t<p>Deneme yaz\u0131s\u0131<\/p>\t\t\n\t<\/div>\n<\/div>\t\t\t\t<\/div>\n\t\t\t\t<\/div>\n\t\t\t\t<div class=\"elementor-element elementor-element-1a6bca6 elementor-widget elementor-widget-pxl_heading\" data-id=\"1a6bca6\" data-element_type=\"widget\" data-e-type=\"widget\" data-widget_type=\"pxl_heading.default\">\n\t\t\t\t<div class=\"elementor-widget-container\">\n\t\t\t\t\t\n<div id=\"pxl-pxl_heading-1a6bca6-1705\" class=\"pxl-heading px-sub-title-default-style \">\n\t<div class=\"pxl-heading--inner\">\n\t\t\n\t\t<h2 class=\"pxl-item--title  style-default highlight-default pxl-slip-text-color\" data-wow-delay=\"ms\">\n\n\t\t<span class=\"pxl-heading--text\">\n\n\t\t\t\t\t\t\tDenemedir\t\n\t\t\t\t\n\n\t\t<\/span>\n\t\t<\/h2>\n\t\t\n\t<\/div>\n<\/div>\t\t\t\t<\/div>\n\t\t\t\t<\/div>\n\t\t\t\t<div class=\"elementor-element elementor-element-9bbad77 elementor-widget elementor-widget-pxl_list\" data-id=\"9bbad77\" data-element_type=\"widget\" data-e-type=\"widget\" data-widget_type=\"pxl_list.default\">\n\t\t\t\t<div class=\"elementor-widget-container\">\n\t\t\t\t\t<div class=\"pxl-list pxl-list1 \" data-wow-delay=\"ms\">\r\n                <div class=\"pxl--item  elementor-repeater-item-066c980\">\r\n             \r\n            <div class=\"pxl-item--meta\">\r\n                                    <div class=\"pxl-item--icon \">\r\n                        <svg xmlns=\"http:\/\/www.w3.org\/2000\/svg\" width=\"24\" height=\"24\" viewBox=\"0 0 24 24\" fill=\"none\"><g id=\"sparkle 1\"><path id=\"sparkle\" d=\"M21.1375 11.519L18.4115 10.74C17.1839 10.3939 16.0657 9.73858 15.1638 8.8367C14.2619 7.93483 13.6066 6.8166 13.2605 5.58901L12.4815 2.86301C12.4423 2.76763 12.3757 2.68606 12.29 2.62865C12.2044 2.57124 12.1036 2.54059 12.0005 2.54059C11.8974 2.54059 11.7966 2.57124 11.7109 2.62865C11.6253 2.68606 11.5587 2.76763 11.5195 2.86301L10.7405 5.58901C10.3944 6.8166 9.73905 7.93483 8.83717 8.8367C7.9353 9.73858 6.81707 10.3939 5.58948 10.74L2.86348 11.519C2.75881 11.5487 2.66668 11.6118 2.60109 11.6986C2.53549 11.7854 2.5 11.8912 2.5 12C2.5 12.1088 2.53549 12.2146 2.60109 12.3015C2.66668 12.3883 2.75881 12.4513 2.86348 12.481L5.58948 13.26C6.81707 13.6061 7.9353 14.2614 8.83717 15.1633C9.73905 16.0652 10.3944 17.1834 10.7405 18.411L11.5195 21.137C11.5492 21.2417 11.6122 21.3338 11.699 21.3994C11.7858 21.465 11.8917 21.5005 12.0005 21.5005C12.1093 21.5005 12.2151 21.465 12.3019 21.3994C12.3887 21.3338 12.4518 21.2417 12.4815 21.137L13.2605 18.411C13.6066 17.1834 14.2619 16.0652 15.1638 15.1633C16.0657 14.2614 17.1839 13.6061 18.4115 13.26L21.1375 12.481C21.2421 12.4513 21.3343 12.3883 21.3999 12.3015C21.4655 12.2146 21.5009 12.1088 21.5009 12C21.5009 11.8912 21.4655 11.7854 21.3999 11.6986C21.3343 11.6118 21.2421 11.5487 21.1375 11.519Z\" fill=\"#E0B866\"><\/path><\/g><\/svg>                    <\/div>\r\n                                            <\/div>\r\n                            <div class=\"pxl-item--content \">\r\n                <label class=\"pxl-empty\">DenemeSe\u00e7ene\u011fi1<\/label>\r\n                                    <div class=\"pxl-content\"><a  > DenemeSe\u00e7enek1 yaz\u0131s\u0131<\/a><\/div>\r\n                            <\/div>\r\n        \r\n    <\/div>\r\n        <div class=\"pxl--item  elementor-repeater-item-0be5df1\">\r\n             \r\n            <div class=\"pxl-item--meta\">\r\n                                    <div class=\"pxl-item--icon \">\r\n                        <svg xmlns=\"http:\/\/www.w3.org\/2000\/svg\" width=\"24\" height=\"24\" viewBox=\"0 0 24 24\" fill=\"none\"><g id=\"sparkle 1\"><path id=\"sparkle\" d=\"M21.1375 11.519L18.4115 10.74C17.1839 10.3939 16.0657 9.73858 15.1638 8.8367C14.2619 7.93483 13.6066 6.8166 13.2605 5.58901L12.4815 2.86301C12.4423 2.76763 12.3757 2.68606 12.29 2.62865C12.2044 2.57124 12.1036 2.54059 12.0005 2.54059C11.8974 2.54059 11.7966 2.57124 11.7109 2.62865C11.6253 2.68606 11.5587 2.76763 11.5195 2.86301L10.7405 5.58901C10.3944 6.8166 9.73905 7.93483 8.83717 8.8367C7.9353 9.73858 6.81707 10.3939 5.58948 10.74L2.86348 11.519C2.75881 11.5487 2.66668 11.6118 2.60109 11.6986C2.53549 11.7854 2.5 11.8912 2.5 12C2.5 12.1088 2.53549 12.2146 2.60109 12.3015C2.66668 12.3883 2.75881 12.4513 2.86348 12.481L5.58948 13.26C6.81707 13.6061 7.9353 14.2614 8.83717 15.1633C9.73905 16.0652 10.3944 17.1834 10.7405 18.411L11.5195 21.137C11.5492 21.2417 11.6122 21.3338 11.699 21.3994C11.7858 21.465 11.8917 21.5005 12.0005 21.5005C12.1093 21.5005 12.2151 21.465 12.3019 21.3994C12.3887 21.3338 12.4518 21.2417 12.4815 21.137L13.2605 18.411C13.6066 17.1834 14.2619 16.0652 15.1638 15.1633C16.0657 14.2614 17.1839 13.6061 18.4115 13.26L21.1375 12.481C21.2421 12.4513 21.3343 12.3883 21.3999 12.3015C21.4655 12.2146 21.5009 12.1088 21.5009 12C21.5009 11.8912 21.4655 11.7854 21.3999 11.6986C21.3343 11.6118 21.2421 11.5487 21.1375 11.519Z\" fill=\"#E0B866\"><\/path><\/g><\/svg>                    <\/div>\r\n                                            <\/div>\r\n                            <div class=\"pxl-item--content \">\r\n                <label class=\"pxl-empty\">DenemeSe\u00e7ene\u011fi2<\/label>\r\n                                    <div class=\"pxl-content\"><a  > DenemeSe\u00e7enek2 yaz\u0131s\u0131<\/a><\/div>\r\n                            <\/div>\r\n        \r\n    <\/div>\r\n        <div class=\"pxl--item  elementor-repeater-item-f62c356\">\r\n             \r\n            <div class=\"pxl-item--meta\">\r\n                                    <div class=\"pxl-item--icon \">\r\n                        <svg xmlns=\"http:\/\/www.w3.org\/2000\/svg\" width=\"24\" height=\"24\" viewBox=\"0 0 24 24\" fill=\"none\"><g id=\"sparkle 1\"><path id=\"sparkle\" d=\"M21.1375 11.519L18.4115 10.74C17.1839 10.3939 16.0657 9.73858 15.1638 8.8367C14.2619 7.93483 13.6066 6.8166 13.2605 5.58901L12.4815 2.86301C12.4423 2.76763 12.3757 2.68606 12.29 2.62865C12.2044 2.57124 12.1036 2.54059 12.0005 2.54059C11.8974 2.54059 11.7966 2.57124 11.7109 2.62865C11.6253 2.68606 11.5587 2.76763 11.5195 2.86301L10.7405 5.58901C10.3944 6.8166 9.73905 7.93483 8.83717 8.8367C7.9353 9.73858 6.81707 10.3939 5.58948 10.74L2.86348 11.519C2.75881 11.5487 2.66668 11.6118 2.60109 11.6986C2.53549 11.7854 2.5 11.8912 2.5 12C2.5 12.1088 2.53549 12.2146 2.60109 12.3015C2.66668 12.3883 2.75881 12.4513 2.86348 12.481L5.58948 13.26C6.81707 13.6061 7.9353 14.2614 8.83717 15.1633C9.73905 16.0652 10.3944 17.1834 10.7405 18.411L11.5195 21.137C11.5492 21.2417 11.6122 21.3338 11.699 21.3994C11.7858 21.465 11.8917 21.5005 12.0005 21.5005C12.1093 21.5005 12.2151 21.465 12.3019 21.3994C12.3887 21.3338 12.4518 21.2417 12.4815 21.137L13.2605 18.411C13.6066 17.1834 14.2619 16.0652 15.1638 15.1633C16.0657 14.2614 17.1839 13.6061 18.4115 13.26L21.1375 12.481C21.2421 12.4513 21.3343 12.3883 21.3999 12.3015C21.4655 12.2146 21.5009 12.1088 21.5009 12C21.5009 11.8912 21.4655 11.7854 21.3999 11.6986C21.3343 11.6118 21.2421 11.5487 21.1375 11.519Z\" fill=\"#E0B866\"><\/path><\/g><\/svg>                    <\/div>\r\n                                            <\/div>\r\n                            <div class=\"pxl-item--content \">\r\n                <label class=\"pxl-empty\">DenemeSe\u00e7ene\u011fi3<\/label>\r\n                                    <div class=\"pxl-content\"><a  > DenemeSe\u00e7enek3 yaz\u0131s\u0131<\/a><\/div>\r\n                            <\/div>\r\n        \r\n    <\/div>\r\n<\/div>\r\n\t\t\t\t<\/div>\n\t\t\t\t<\/div>\n\t\t            <\/div>\r\n        <\/div>\r\n        \t\t\t<\/div>\n\t\t<\/section>\n\t\t            <\/div>\r\n        <\/div>\r\n        \t\t\t<\/div>\n\t\t<\/section>\n\t\t<div class=\"elementor-element elementor-element-39e84f5 e-flex e-con-boxed e-con e-parent \" data-id=\"39e84f5\" data-element_type=\"container\" data-e-type=\"container\">\t\t\t<div class=\"e-con-inner\">\r\n\t\t\t\t<div class=\"elementor-element elementor-element-dc00efd pxl-post-layout-post-1 elementor-widget elementor-widget-pxl_post_grid\" data-id=\"dc00efd\" data-element_type=\"widget\" data-e-type=\"widget\" data-widget_type=\"pxl_post_grid.default\">\n\t\t\t\t<div class=\"elementor-widget-container\">\n\t\t\t\t\t\n<div id=\"pxl_post_grid-dc00efd-6140\" class=\"pxl-grid pxl-blog-grid pxl-blog-grid-layout1 pxl-blog-style1\" data-start-page=\"1\" data-max-pages=\"1\" data-total=\"1\" data-perpage=\"6\" data-next-link=\"\" data-layout=\"masonry\">\n    \n    <div class=\"pxl-grid-inner pxl-grid-masonry row\" data-gutter=\"15\">\n                    <div class=\"pxl-grid-item col-xl-4 col-lg-4 col-md-6 col-sm-6 col-12 is-hukuku\">\n                <div class=\"pxl-post--inner \" data-wow-duration=\"1.2s\">\n                                        <div class=\"pxl-post--featured hover-imge-effect2\">\n                        <a href=\"https:\/\/avukatozelaydin.com\/tr\/is\/\"><img decoding=\"async\" class=\"\" src=\"https:\/\/avukatozelaydin.com\/wp-content\/uploads\/2025\/01\/post-3-412x520.jpg\" width=\"412\" height=\"520\" alt=\"post-3\" title=\"post-3\" \/><\/a>\n                    <\/div>\n                \n                <div class=\"pxl-item--content\">\n                    <div class=\"pxl-post--meta\">\n                                               <div class=\"pxl-post--category\">\n                            <a href=\"https:\/\/avukatozelaydin.com\/tr\/category\/is-hukuku\/\" rel=\"tag\">\u0130\u015f Hukuku<\/a>                        <\/div>\n                                                                <div class=\"pxl-post--date\">\n                            29 Kas 2025    \n                        <\/div>\n                                    <\/div>\n                <h3 class=\"pxl-post--title\"><a href=\"https:\/\/avukatozelaydin.com\/tr\/is\/\">\u0130\u015f<\/a><\/h3>\n                                    <div class=\"pxl-post--button\">\n                        <a class=\"btn-readmore d-flex\" href=\"https:\/\/avukatozelaydin.com\/tr\/is\/\">\n                            Daha Fazlas\u0131n\u0131 Oku                            <svg xmlns=\"http:\/\/www.w3.org\/2000\/svg\" width=\"30\" height=\"30\" viewBox=\"0 0 30 30\" fill=\"none\">\n                              <path d=\"M26.7773 15C26.7773 9.52022 22.8386 4.63142 17.4752 3.48512C14.7953 2.91242 11.9456 3.29822 9.52045 4.57591C7.18705 5.80561 5.30065 7.82162 4.23175 10.2336C3.11965 12.7425 2.92585 15.6228 3.68425 18.2598C4.41565 20.8038 6.02095 23.0595 8.17585 24.5952C12.6809 27.8061 19.0088 27.3768 23.0459 23.5992C25.412 21.3855 26.7773 18.2406 26.7773 15ZM20.6435 15.636L17.3552 18.924C16.5347 19.7448 15.2615 18.4719 16.0826 17.6511L17.7344 15.9996L10.097 15.9996C9.55225 15.9996 9.09745 15.5445 9.09745 14.9997C9.09745 14.4549 9.55225 13.9998 10.097 13.9998L17.7725 13.9998L16.1531 12.3411C15.3434 11.5125 16.628 10.2513 17.441 11.0838L20.651 14.3712C20.9954 14.7234 20.9921 15.2874 20.6435 15.636Z\" fill=\"#E0B866\"\/>\n                          <\/svg>\n                      <\/a>\n                  <\/div>\n                        <\/div>\n      <\/div>\n  <\/div>\n          <div class=\"grid-sizer col-xl-4 col-lg-4 col-md-6 col-sm-6 col-12\"><\/div>\n        \n    <\/div>\n        <\/div>\t\t\t\t<\/div>\n\t\t\t\t<\/div>\n\t\t\t\t<div class=\"elementor-element elementor-element-7d3bb53 elementor-widget elementor-widget-spacer\" data-id=\"7d3bb53\" data-element_type=\"widget\" data-e-type=\"widget\" data-widget_type=\"spacer.default\">\n\t\t\t\t\t\t\t<div class=\"elementor-spacer\">\n\t\t\t<div class=\"elementor-spacer-inner\"><\/div>\n\t\t<\/div>\n\t\t\t\t\t\t<\/div>\n\t\t\t\t<div class=\"elementor-element elementor-element-dc6d32f elementor-widget elementor-widget-spacer\" data-id=\"dc6d32f\" data-element_type=\"widget\" data-e-type=\"widget\" data-widget_type=\"spacer.default\">\n\t\t\t\t\t\t\t<div class=\"elementor-spacer\">\n\t\t\t<div class=\"elementor-spacer-inner\"><\/div>\n\t\t<\/div>\n\t\t\t\t\t\t<\/div>\n\t\t\t\t\t<\/div>\r\n\t\t\t\t<\/div>\r\n\t\t\t\t<\/div>\n\t\t","protected":false},"excerpt":{"rendered":"<p>Bu bir denemedir. Deneme ba\u015fl\u0131\u011f\u0131 Deneme yaz\u0131s\u0131 Denemedir DenemeSe\u00e7ene\u011fi1 DenemeSe\u00e7enek1 yaz\u0131s\u0131 DenemeSe\u00e7ene\u011fi2 DenemeSe\u00e7enek2 yaz\u0131s\u0131 DenemeSe\u00e7ene\u011fi3 DenemeSe\u00e7enek3 yaz\u0131s\u0131 \u0130\u015f Hukuku 29 Kas 2025 \u0130\u015f Daha Fazlas\u0131n\u0131 Oku<\/p>\n","protected":false},"author":1,"featured_media":0,"parent":3949,"menu_order":0,"comment_status":"closed","ping_status":"closed","template":"","meta":{"footnotes":""},"class_list":["post-9197","page","type-page","status-publish","hentry"],"_links":{"self":[{"href":"https:\/\/avukatozelaydin.com\/tr\/wp-json\/wp\/v2\/pages\/9197","targetHints":{"allow":["GET"]}}],"collection":[{"href":"https:\/\/avukatozelaydin.com\/tr\/wp-json\/wp\/v2\/pages"}],"about":[{"href":"https:\/\/avukatozelaydin.com\/tr\/wp-json\/wp\/v2\/types\/page"}],"author":[{"embeddable":true,"href":"https:\/\/avukatozelaydin.com\/tr\/wp-json\/wp\/v2\/users\/1"}],"replies":[{"embeddable":true,"href":"https:\/\/avukatozelaydin.com\/tr\/wp-json\/wp\/v2\/comments?post=9197"}],"version-history":[{"count":7,"href":"https:\/\/avukatozelaydin.com\/tr\/wp-json\/wp\/v2\/pages\/9197\/revisions"}],"predecessor-version":[{"id":9311,"href":"https:\/\/avukatozelaydin.com\/tr\/wp-json\/wp\/v2\/pages\/9197\/revisions\/9311"}],"up":[{"embeddable":true,"href":"https:\/\/avukatozelaydin.com\/tr\/wp-json\/wp\/v2\/pages\/3949"}],"wp:attachment":[{"href":"https:\/\/avukatozelaydin.com\/tr\/wp-json\/wp\/v2\/media?parent=9197"}],"curies":[{"name":"wp","href":"https:\/\/api.w.org\/{rel}","templated":true}]}}